{"id":79,"date":"2024-04-12T17:07:40","date_gmt":"2024-04-12T15:07:40","guid":{"rendered":"http:\/\/sylvainmilliot.com\/?page_id=79"},"modified":"2025-06-01T14:19:31","modified_gmt":"2025-06-01T12:19:31","slug":"poemes","status":"publish","type":"page","link":"https:\/\/sylvainmilliot.com\/?page_id=79","title":{"rendered":"Po\u00e8mes"},"content":{"rendered":"\n<p>Plusieurs po\u00e8mes ont \u00e9t\u00e9 publi\u00e9s dans les revues suivantes : <\/p>\n\n\n\n<p>D\u00e9buts &#8211; n\u00b02 <\/p>\n\n\n\n<p>Pourtant &#8211; <a href=\"https:\/\/www.pourtant.fr\/6\/\" title=\"n\u00b06\">n\u00b06<\/a><\/p>\n\n\n\n<p>Point de Chute &#8211; n\u00b03<\/p>\n\n\n\n<p>L&rsquo;air de rien &#8211; n\u00b03<\/p>\n\n\n\n<p>Pojar &#8211; num\u00e9ros <a href=\"https:\/\/issuu.com\/editionsminces\/docs\/pojar_12_en_ligne\" title=\"12\">12<\/a>, <a href=\"https:\/\/www.calameo.com\/read\/006514997c9db0b06d3d0\" title=\"13\">13<\/a> et <a href=\"https:\/\/www.calameo.com\/read\/006514997d6fb43c78e9b\" title=\"14\">14<\/a><\/p>\n\n\n\n<p>Revu &#8211; n\u00b09<\/p>\n\n\n\n<p>R\u00e9gion Centrale &#8211; <a href=\"https:\/\/milagro-editions.com\/revues\/region-centrale-4\/\" title=\"n\u00b04\">n\u00b04<\/a><\/p>\n\n\n\n<p>L&rsquo;\u00e9ponge <a href=\"https:\/\/www.leponge.eu\/numeros-parus\/revue-leponge-n-4-mars-mai-2024\/\" title=\"n\u00b04\">n\u00b04<\/a><\/p>\n\n\n\n<p>Arts Publics <a href=\"https:\/\/www.artspublics.com\/institut-geographique-national\/\" title=\"n\u00b02\">n\u00b02<\/a><\/p>\n\n\n\n<p>\/<\/p>\n\n\n\n<p><\/p>\n\n\n\n<pre class=\"wp-block-preformatted\">En voici quelques uns in\u00e9dits, tir\u00e9s de deux projets de recueils :\n<strong>Massif, Int\u00e9rieurs<\/strong>  et    <strong>LES TITRES<\/strong> \n\n\/<\/pre>\n\n\n\n<pre class=\"wp-block-preformatted\"><strong>Un message du futur<\/strong>\n\n\n\nC\u2019est tr\u00e8s \u00e9tonnant \nC\u2019est tr\u00e8s \u00e9tonnant \n\nLes mots sont d\u00e9j\u00e0 \u00e9crits sur la page,\nle regard ou la r\u00e8gle les font appara\u00eetre\n\nFaites comme s\u2019ils n\u2019\u00e9taient pas d\u00e9j\u00e0 l\u00e0\nmais jouez le jeu \ndu chapeau\nde trois fois le tour sur soi-m\u00eame\n\nIl y avait un muret\nun spectacle se d\u00e9roulait \ncach\u00e9\nsur la demande d\u2019un spectre\n\nOn nous y avait invit\u00e9s\npar ricochets sonores, \nquelques ritournelles\nenvoy\u00e9es depuis le futur\n\nC\u2019est tr\u00e8s \u00e9trange\ntr\u00e8s \u00e9trange\n\nUne forme tremble derri\u00e8re le paravent \nle message du futur\ntient dans une bo\u00eete \u00e0 chaussures\ngu\u00e8re plus\n\nau bout de la page,\nil revient\nsublim\u00e9 dans la foi, \nun scanner\nune image presque accomplie\n\ndu pr\u00e9sent\n\n\/\n\n<\/pre>\n\n\n\n<pre class=\"wp-block-preformatted\"><strong>Le grand myst\u00e8re<\/strong>\n\n\n\n\nle grand myst\u00e8re\nun mot surgit dans la t\u00eate\nil est impropre \u00e0 toute description\nde cette sensation \n\nune chaleur\nle vent\n\nce ne sont pas des objets\n\nFermer les yeux est plus facile \nque s\u2019ouvrir la cervelle\n\nLe grand myst\u00e8re sans myst\u00e8re\n\n(oiseaux \u00e9lectroniques\ninsectes \u00e9lectroniques\nchemins \u00e9lectroniques)\n\naccueillir le r\u00e9el est juste \u00e9touffant\n\n\/\n<\/pre>\n\n\n\n<pre class=\"wp-block-preformatted\"><strong>4\u201933\u2019\u2019<\/strong>\n\n\n\n4\u201933\u2019\u2019 de silence dans mes oreilles\nla faim me tord le ventre\nl\u2019horloge dit le temps qu\u2019il fait\n\nle piano s\u2019\u00e9teint souvent \u00e0 8h00\nles mains d\u2019argent en suspension horizontale\nnous sommes trop nombreux dans la pi\u00e8ce\n\nAs-tu suivi les d\u00e9bats&nbsp;?\ntout a \u00e9t\u00e9 m\u00e9lang\u00e9 dans un tambour\npuis il a tir\u00e9 un nom\n\nC\u2019\u00e9tait Y \nnous avons appel\u00e9 ceux du haut \n\u00e0 descendre dans la piscine vide\n\ntout a \u00e9t\u00e9 convenu \u00e0 l\u2019avance\nla danse, la folie, le sermon, \nla folie, le balancement du m\u00e9tronome\n\nun tiroir contient les paquets de cartes\nun autre des partitions \net puis la t\u00eate d\u2019un chat\n\nla musique est maudite\nla musique est maudite\n\n\/\n\n<\/pre>\n\n\n\n<pre class=\"wp-block-preformatted\"><strong>L\u2019innocence de Pikachu<\/strong>\n\n\nOn a appris que Pikachu \u00e9tait mort. \n\n(Il \u00e9tait tr\u00e8s tr\u00e8s malade\non l\u2019a emmen\u00e9 \u00e0 l\u2019h\u00f4pital \nmais l\u2019h\u00f4pital \u00e9tait ferm\u00e9\n- au bout de trois)\n\nLa nouvelle est tomb\u00e9e\nbrutale, du dehors. \nComme un ast\u00e9ro\u00efde en flammes.\n\nCertains regardaient encore le ciel\nd\u2019autres finissaient leur verre. \u00c9teints. \n\nUne multitude assomm\u00e9e. \n\n\u00c0 droite, \u00e0 gauche, \ndes visages emboutis par la douleur,\nabrutis par la contingence\nou bien la n\u00e9cessit\u00e9, \n\u00e7a n\u2019\u00e9tait pas r\u00e9gl\u00e9 d\u2019avance.\n\nUn type frappait en continu \nun container\navec les pieds des autres,\navec des poings nus et mous \navec ses dents mauves de travers\nsous l\u2019\u0153il des chiens et des rats \nqui comm\u00e9moraient l\u2019instant \ndans la gr\u00e2ce du soir. \n\nNe rien faire d\u2019autre qu\u2019accepter cette id\u00e9e \nbrillante comme un miroir de mercure&nbsp;:\nPikachu est mort. \n\nEt l\u2019innocence, \net la joie, \net l\u2019amour, \n\ndans l\u2019ab\u00eeme.\n\n\/\n\n<\/pre>\n\n\n\n<pre class=\"wp-block-preformatted\"><strong>Le probl\u00e8me de Molyneux<\/strong>\n\nJe mange des cacahu\u00e8tes\nune \u00e0 une\navec mes doigts\nles retirant du bol\nune \u00e0 une\n\nCe sont des chips en forme de frites\ncomme dans les bars de l\u2019ancien temps\n\nPourquoi donc ai-je \u00e9crit cacahu\u00e8tes, \nalors que ce sont bien des chips en forme de frites\n\nQuelque chose m\u2019\u00e9chappe\n\nJe saisis la cacahu\u00e8te avec deux doigts\net l\u2019observe attentivement\n\nQuelle dr\u00f4le de cacahu\u00e8te,\nforme et fond ensemble \nen rondeur illusoire, \nainsi faite pour me duper\n\nIl n\u2019y a donc rien qui m\u2019assure du r\u00e9el\n\nLa preuve du pudding \nc\u2019est le formica sous la main\nun go\u00fbt sal\u00e9 \u00e0 graver sur le zinc\net la cuill\u00e8re tinte en douce\n\nLe bol de cacahu\u00e8tes\nm\u2019a d\u00e9j\u00e0 fait glisser\nsur le rebord du rasoir\n\nIl faut toutefois poursuivre le r\u00e9cit\nsans que jamais le monde \nne s\u2019accorde aux mots \nde la serveuse sourde\n\n\/\n\n<\/pre>\n\n\n\n<pre class=\"wp-block-preformatted\">Dans la voiture\n\u00eatre encore dans la voiture\nau bord de l'\u00e9glise cette fois\ncomme au bord d'une falaise.\n\nL'eau ruisselle\nrien de nouveau.\n\nOn dirait une fonte de neige\ndans un salon d'hiver\nchauff\u00e9 au fer rouge.\n\nMais est-ce bien de l'eau ?\n\nLes larmes du Christ\nou d'un bodhisattva&nbsp;?\n\nUn os y est lav\u00e9\nLa pluie s'est arr\u00eat\u00e9e\nLa route appara\u00eet\n\n\/\n\n<\/pre>\n\n\n\n<pre class=\"wp-block-preformatted\">Molasse, \nmoraines \n\nalluvions drain\u00e9s \ndepuis des mill\u00e9naires\n\nsous le pont\nl\u00e9zards, alevins, \n\nau-dessus,\nle gars jette m\u00e9gots\net mollards\n\npas loin\ndu touriste allong\u00e9\nsur les galets\n\nparasol Fanta\nau bar de la rivi\u00e8re\n\ncoup d\u2019\u0153il du boss\naux backpackers\n\u00e9gar\u00e9s\n\nla boussole \nindique le fond \ndu cirque\n\nd\u2019o\u00f9 les cimes \nnous tancent.<\/pre>\n\n\n\n<p><\/p>\n\n\n\n<pre class=\"wp-block-preformatted\">\/\n\n<\/pre>\n\n\n\n<pre class=\"wp-block-preformatted\">chaque fois\nfaire les courses\nm'ab\u00eeme \nme nuit\n\nil y a ce tapis qui roule\net les choses dessus\nune petite m\u00e9taphore facile\ndu destin\n\nparfois une bouteille bascule\net se casse\ngrand fracas\n\u00e7a gicle sur tout le monde\nc'est du sirop c'est tr\u00e8s collant\ndu sirop de fraise \nc'est peut-\u00eatre\nplus collant encore \nque du sirop de cassis\nou de m\u00fbres\nmais qui ach\u00e8te encore du sirop\nde m\u00fbres ou d'orgeat\n\norgeat\norgeat\nce mot d'orgeat\nmon dieu ce mot d'orgeat\nqui vient de loin\n\norge \nbien grasse\nvous \u00eates bien las\ntous\net vous me regardez mal\n\u00e0 cause de cette bouteille\nfracass\u00e9e par terre\net c'est tout collant\net c'est d\u00e9gueulasse\n\norge lasse\n\nmais est ce ma faute \u00e0 moi\nsi la bouteille est par terre\n\nc'est juste la gravit\u00e9\n<\/pre>\n","protected":false},"excerpt":{"rendered":"<p>Plusieurs po\u00e8mes ont \u00e9t\u00e9 publi\u00e9s dans les revues suivantes : D\u00e9buts &#8211; n\u00b02 Pourtant &#8211; n\u00b06 Point de Chute &#8211; n\u00b03 L&rsquo;air de rien &#8211; n\u00b03 Pojar &#8211; num\u00e9ros 12, 13 et 14 Revu &#8211; n\u00b09 R\u00e9gion Centrale &#8211; n\u00b04 L&rsquo;\u00e9ponge n\u00b04 Arts Publics n\u00b02 \/ En voici quelques uns in\u00e9dits, tir\u00e9s de deux projets&hellip;<\/p>\n","protected":false},"author":1,"featured_media":0,"parent":46,"menu_order":1,"comment_status":"closed","ping_status":"closed","template":"","meta":{"om_disable_all_campaigns":false,"_monsterinsights_skip_tracking":false,"_monsterinsights_sitenote_active":false,"_monsterinsights_sitenote_note":"","_monsterinsights_sitenote_category":0,"footnotes":""},"class_list":["post-79","page","type-page","status-publish","hentry"],"aioseo_notices":[],"_links":{"self":[{"href":"https:\/\/sylvainmilliot.com\/index.php?rest_route=\/wp\/v2\/pages\/79","targetHints":{"allow":["GET"]}}],"collection":[{"href":"https:\/\/sylvainmilliot.com\/index.php?rest_route=\/wp\/v2\/pages"}],"about":[{"href":"https:\/\/sylvainmilliot.com\/index.php?rest_route=\/wp\/v2\/types\/page"}],"author":[{"embeddable":true,"href":"https:\/\/sylvainmilliot.com\/index.php?rest_route=\/wp\/v2\/users\/1"}],"replies":[{"embeddable":true,"href":"https:\/\/sylvainmilliot.com\/index.php?rest_route=%2Fwp%2Fv2%2Fcomments&post=79"}],"version-history":[{"count":22,"href":"https:\/\/sylvainmilliot.com\/index.php?rest_route=\/wp\/v2\/pages\/79\/revisions"}],"predecessor-version":[{"id":353,"href":"https:\/\/sylvainmilliot.com\/index.php?rest_route=\/wp\/v2\/pages\/79\/revisions\/353"}],"up":[{"embeddable":true,"href":"https:\/\/sylvainmilliot.com\/index.php?rest_route=\/wp\/v2\/pages\/46"}],"wp:attachment":[{"href":"https:\/\/sylvainmilliot.com\/index.php?rest_route=%2Fwp%2Fv2%2Fmedia&parent=79"}],"curies":[{"name":"wp","href":"https:\/\/api.w.org\/{rel}","templated":true}]}}