{"id":46,"date":"2023-11-20T18:00:34","date_gmt":"2023-11-20T17:00:34","guid":{"rendered":"http:\/\/sylvainmilliot.com\/?page_id=46"},"modified":"2025-06-02T09:51:12","modified_gmt":"2025-06-02T07:51:12","slug":"textes","status":"publish","type":"page","link":"https:\/\/sylvainmilliot.com\/?page_id=46","title":{"rendered":"Textes"},"content":{"rendered":"\n<p>Ma pratique d&rsquo;\u00e9criture a d\u00e9but\u00e9 par la po\u00e9sie et c&rsquo;est dans le travail th\u00e9\u00e2tral avec Lise Ardaillon et les Moteurs Multiples que j&rsquo;ai d\u00e9velopp\u00e9 l&rsquo;\u00e9criture pour le th\u00e9\u00e2tre, la sc\u00e8ne, le plateau. <\/p>\n\n\n\n<p>Vous pouvez lire et voir quelques exemples de textes pour le th\u00e9\u00e2tre<a href=\"https:\/\/sylvainmilliot.com\/?page_id=176\" title=\" ici.\"> ici.<\/a> <\/p>\n\n\n\n<p>Quelques po\u00e8mes<a href=\"https:\/\/sylvainmilliot.com\/?page_id=79\" title=\" par l\u00e0. \"> par l\u00e0. <\/a><\/p>\n\n\n\n<p>Et les publications <a href=\"https:\/\/sylvainmilliot.com\/?page_id=341\" title=\"\">par ici<\/a>. <\/p>\n","protected":false},"excerpt":{"rendered":"<p>Ma pratique d&rsquo;\u00e9criture a d\u00e9but\u00e9 par la po\u00e9sie et c&rsquo;est dans le travail th\u00e9\u00e2tral avec Lise Ardaillon et les Moteurs Multiples que j&rsquo;ai d\u00e9velopp\u00e9 l&rsquo;\u00e9criture pour le th\u00e9\u00e2tre, la sc\u00e8ne, le plateau. Vous pouvez lire et voir quelques exemples de textes pour le th\u00e9\u00e2tre ici. Quelques po\u00e8mes par l\u00e0. Et les publications par ici.<\/p>\n","protected":false},"author":1,"featured_media":0,"parent":0,"menu_order":0,"comment_status":"closed","ping_status":"closed","template":"","meta":{"om_disable_all_campaigns":false,"_monsterinsights_skip_tracking":false,"_monsterinsights_sitenote_active":false,"_monsterinsights_sitenote_note":"","_monsterinsights_sitenote_category":0,"footnotes":""},"class_list":["post-46","page","type-page","status-publish","hentry"],"aioseo_notices":[],"_links":{"self":[{"href":"https:\/\/sylvainmilliot.com\/index.php?rest_route=\/wp\/v2\/pages\/46","targetHints":{"allow":["GET"]}}],"collection":[{"href":"https:\/\/sylvainmilliot.com\/index.php?rest_route=\/wp\/v2\/pages"}],"about":[{"href":"https:\/\/sylvainmilliot.com\/index.php?rest_route=\/wp\/v2\/types\/page"}],"author":[{"embeddable":true,"href":"https:\/\/sylvainmilliot.com\/index.php?rest_route=\/wp\/v2\/users\/1"}],"replies":[{"embeddable":true,"href":"https:\/\/sylvainmilliot.com\/index.php?rest_route=%2Fwp%2Fv2%2Fcomments&post=46"}],"version-history":[{"count":3,"href":"https:\/\/sylvainmilliot.com\/index.php?rest_route=\/wp\/v2\/pages\/46\/revisions"}],"predecessor-version":[{"id":355,"href":"https:\/\/sylvainmilliot.com\/index.php?rest_route=\/wp\/v2\/pages\/46\/revisions\/355"}],"wp:attachment":[{"href":"https:\/\/sylvainmilliot.com\/index.php?rest_route=%2Fwp%2Fv2%2Fmedia&parent=46"}],"curies":[{"name":"wp","href":"https:\/\/api.w.org\/{rel}","templated":true}]}}