{"id":45,"date":"2023-11-20T18:00:34","date_gmt":"2023-11-20T17:00:34","guid":{"rendered":"http:\/\/sylvainmilliot.com\/?page_id=45"},"modified":"2024-04-15T13:51:35","modified_gmt":"2024-04-15T11:51:35","slug":"musiques","status":"publish","type":"page","link":"https:\/\/sylvainmilliot.com\/?page_id=45","title":{"rendered":"Musiques"},"content":{"rendered":"\n<p>Je travaille en tant que compositeur et musicien pour le spectacle vivant et l&rsquo;image, et je poursuis par ailleurs deux projets musicaux en solo. <\/p>\n\n\n\n<p>Pour les musiques pour le spectacle vivant, aller sur <a href=\"https:\/\/sylvainmilliot.com\/?page_id=112\" title=\"cette page.\">cette page.<\/a> <\/p>\n\n\n\n<p>Pour les images, aller <a href=\"https:\/\/sylvainmilliot.com\/?page_id=205\" title=\"ici.\">ici.<\/a> <\/p>\n\n\n\n<p>Pour la discographie, suivre <a href=\"https:\/\/sylvainmilliot.com\/?page_id=212\" title=\"ce lien.\">ce lien.<\/a> <\/p>\n\n\n\n<p><\/p>\n\n\n\n<p><strong>V\u00e9hicule<\/strong><\/p>\n\n\n\n<p>Sous ce nom, je r\u00e9alise une musique entre ambient libre et exp\u00e9rimentations \u00e9lectro-acoustiques. Des souvenirs m\u00e9lodiques et harmoniques \u00e9mergent d&rsquo;une for\u00eat de bruits. <\/p>\n\n\n\n<p>4 albums \u00e0 ce jour.<\/p>\n\n\n\n<p><strong>Aubusson<\/strong> (Sublime Retreat)<\/p>\n\n\n\n<iframe style=\"border: 0; width: 100%; height: 120px;\" src=\"https:\/\/bandcamp.com\/EmbeddedPlayer\/album=117353493\/size=large\/bgcol=ffffff\/linkcol=0687f5\/tracklist=false\/artwork=small\/transparent=true\/\" seamless><a href=\"https:\/\/sublimeretreat.bandcamp.com\/album\/aubusson\">Aubusson de V\u00e9hicule<\/a><\/iframe>\n\n\n\n<p><strong>Grand Dentel\u00e9<\/strong> (Rohs Records)<\/p>\n\n\n\n<iframe style=\"border: 0; width: 100%; height: 120px;\" src=\"https:\/\/bandcamp.com\/EmbeddedPlayer\/album=644054420\/size=large\/bgcol=ffffff\/linkcol=0687f5\/tracklist=false\/artwork=small\/transparent=true\/\" seamless><a href=\"https:\/\/rohsrecords.bandcamp.com\/album\/grand-dentel\">Grand Dentel\u00e9 de V\u00e9hicule<\/a><\/iframe>\n\n\n\n<p><strong>Maison_For\u00eat <\/strong>(Flophouse)<\/p>\n\n\n\n<iframe style=\"border: 0; width: 100%; height: 120px;\" src=\"https:\/\/bandcamp.com\/EmbeddedPlayer\/album=275831671\/size=large\/bgcol=ffffff\/linkcol=0687f5\/tracklist=false\/artwork=small\/transparent=true\/\" seamless><a href=\"https:\/\/flop-house.bandcamp.com\/album\/maison-fore-t\">Maison\/Fore\u0302t de Ve\u0301hicule<\/a><\/iframe>\n\n\n\n<p><strong>Le Temps du Chien<\/strong> (Midira Records)<\/p>\n\n\n\n<iframe style=\"border: 0; width: 100%; height: 120px;\" src=\"https:\/\/bandcamp.com\/EmbeddedPlayer\/album=2522971653\/size=large\/bgcol=ffffff\/linkcol=0687f5\/tracklist=false\/artwork=small\/transparent=true\/\" seamless><a href=\"https:\/\/midirarecords.bandcamp.com\/album\/le-temps-du-chien\">Le temps du Chien de V\u00e9hicule<\/a><\/iframe>\n\n\n\n<p><\/p>\n\n\n\n<p><strong>PIANO BRUT<\/strong><\/p>\n\n\n\n<p>Autre nom, autre musique. Piano Brut est plus orient\u00e9 sound-art que V\u00e9hicule, plus abstract et plus concret, impros libres et contraintes, jeux dada\u00efstes, contemplations. <\/p>\n\n\n\n<p>2 albums \u00e0 ce jour. <\/p>\n\n\n\n<p><strong>RAGS <\/strong>(Noir\/Age)<\/p>\n\n\n\n<iframe style=\"border: 0; width: 100%; height: 120px;\" src=\"https:\/\/bandcamp.com\/EmbeddedPlayer\/album=2905997553\/size=large\/bgcol=ffffff\/linkcol=0687f5\/tracklist=false\/artwork=small\/transparent=true\/\" seamless><a href=\"https:\/\/noir-age.bandcamp.com\/album\/rags\">Rags de Piano Brut<\/a><\/iframe>\n\n\n\n<p><strong>Inside &amp; Outside <\/strong>(Grisaille)<\/p>\n\n\n\n<iframe style=\"border: 0; width: 100%; height: 120px;\" src=\"https:\/\/bandcamp.com\/EmbeddedPlayer\/album=2529859385\/size=large\/bgcol=ffffff\/linkcol=0687f5\/tracklist=false\/artwork=small\/transparent=true\/\" seamless><a href=\"https:\/\/grisaille.bandcamp.com\/album\/inside-outside\">Inside &amp; Outside de Piano Brut<\/a><\/iframe>\n\n\n\n<p><\/p>\n\n\n\n<p class=\"has-superbfont-medium-font-size\"><strong>Musiques pour l&rsquo;image<\/strong><\/p>\n\n\n\n<p>Quelques exemples du travail r\u00e9alis\u00e9 sur diff\u00e9rents projets : <\/p>\n\n\n\n<p>Bande son musicale pour le film de Mathieu Bouvier et C\u00e9line Cartillier : <em>There is still enough time before the end of the world to tell the end of the world<\/em><\/p>\n\n\n\n<figure class=\"wp-block-embed is-type-video is-provider-vimeo wp-block-embed-vimeo wp-embed-aspect-16-9 wp-has-aspect-ratio\"><div class=\"wp-block-embed__wrapper\">\n<iframe loading=\"lazy\" title=\"THERE IS STILL ENOUGH TIME BEFORE THE END OF THE WORLD TO TELL THE END OF THE WORLD\" src=\"https:\/\/player.vimeo.com\/video\/175955445?dnt=1&amp;app_id=122963\" width=\"1170\" height=\"658\" frameborder=\"0\" allow=\"autoplay; fullscreen; picture-in-picture; clipboard-write\"><\/iframe>\n<\/div><\/figure>\n\n\n\n<p><\/p>\n","protected":false},"excerpt":{"rendered":"<p>Je travaille en tant que compositeur et musicien pour le spectacle vivant et l&rsquo;image, et je poursuis par ailleurs deux projets musicaux en solo. Pour les musiques pour le spectacle vivant, aller sur cette page. Pour les images, aller ici. Pour la discographie, suivre ce lien. V\u00e9hicule Sous ce nom, je r\u00e9alise une musique entre&hellip;<\/p>\n","protected":false},"author":1,"featured_media":0,"parent":0,"menu_order":0,"comment_status":"closed","ping_status":"closed","template":"","meta":{"om_disable_all_campaigns":false,"_monsterinsights_skip_tracking":false,"_monsterinsights_sitenote_active":false,"_monsterinsights_sitenote_note":"","_monsterinsights_sitenote_category":0,"footnotes":""},"class_list":["post-45","page","type-page","status-publish","hentry"],"aioseo_notices":[],"_links":{"self":[{"href":"https:\/\/sylvainmilliot.com\/index.php?rest_route=\/wp\/v2\/pages\/45","targetHints":{"allow":["GET"]}}],"collection":[{"href":"https:\/\/sylvainmilliot.com\/index.php?rest_route=\/wp\/v2\/pages"}],"about":[{"href":"https:\/\/sylvainmilliot.com\/index.php?rest_route=\/wp\/v2\/types\/page"}],"author":[{"embeddable":true,"href":"https:\/\/sylvainmilliot.com\/index.php?rest_route=\/wp\/v2\/users\/1"}],"replies":[{"embeddable":true,"href":"https:\/\/sylvainmilliot.com\/index.php?rest_route=%2Fwp%2Fv2%2Fcomments&post=45"}],"version-history":[{"count":4,"href":"https:\/\/sylvainmilliot.com\/index.php?rest_route=\/wp\/v2\/pages\/45\/revisions"}],"predecessor-version":[{"id":217,"href":"https:\/\/sylvainmilliot.com\/index.php?rest_route=\/wp\/v2\/pages\/45\/revisions\/217"}],"wp:attachment":[{"href":"https:\/\/sylvainmilliot.com\/index.php?rest_route=%2Fwp%2Fv2%2Fmedia&parent=45"}],"curies":[{"name":"wp","href":"https:\/\/api.w.org\/{rel}","templated":true}]}}