{"id":212,"date":"2024-04-15T13:45:53","date_gmt":"2024-04-15T11:45:53","guid":{"rendered":"https:\/\/sylvainmilliot.com\/?page_id=212"},"modified":"2024-07-15T11:35:14","modified_gmt":"2024-07-15T09:35:14","slug":"discographie","status":"publish","type":"page","link":"https:\/\/sylvainmilliot.com\/?page_id=212","title":{"rendered":"Discographie"},"content":{"rendered":"\n<p><strong>V\u00e9hicule<\/strong><\/p>\n\n\n\n<p>Sous ce nom, je r\u00e9alise une musique entre ambient libre et exp\u00e9rimentations \u00e9lectro-acoustiques. Des souvenirs m\u00e9lodiques et harmoniques \u00e9mergent d&rsquo;une for\u00eat de bruits. <\/p>\n\n\n\n<p>5 albums \u00e0 ce jour, du dernier au premier.<\/p>\n\n\n\n<p><strong>BORA BORA<\/strong> (Rohs Records)<\/p>\n\n\n\n<iframe style=\"border: 0; width: 100%; height: 120px;\" src=\"https:\/\/bandcamp.com\/EmbeddedPlayer\/album=3748390794\/size=large\/bgcol=ffffff\/linkcol=0687f5\/tracklist=false\/artwork=small\/transparent=true\/\" seamless><a href=\"https:\/\/vehiculexrohsrecords.bandcamp.com\/album\/bora-bora\">Bora Bora de V\u00e9hicule<\/a><\/iframe>\n\n\n\n<p><strong>Aubusson<\/strong> (Sublime Retreat)<\/p>\n\n\n\n<iframe style=\"border: 0; width: 100%; height: 120px;\" src=\"https:\/\/bandcamp.com\/EmbeddedPlayer\/album=117353493\/size=large\/bgcol=ffffff\/linkcol=0687f5\/tracklist=false\/artwork=small\/transparent=true\/\" seamless><a href=\"https:\/\/sublimeretreat.bandcamp.com\/album\/aubusson\">Aubusson de V\u00e9hicule<\/a><\/iframe>\n\n\n\n<p><strong>Grand Dentel\u00e9<\/strong> (Rohs Records)<\/p>\n\n\n\n<iframe style=\"border: 0; width: 100%; height: 120px;\" src=\"https:\/\/bandcamp.com\/EmbeddedPlayer\/album=644054420\/size=large\/bgcol=ffffff\/linkcol=0687f5\/tracklist=false\/artwork=small\/transparent=true\/\" seamless><a href=\"https:\/\/rohsrecords.bandcamp.com\/album\/grand-dentel\">Grand Dentel\u00e9 de V\u00e9hicule<\/a><\/iframe>\n\n\n\n<p><strong>Maison_For\u00eat <\/strong>(Flophouse)<\/p>\n\n\n\n<iframe style=\"border: 0; width: 100%; height: 120px;\" src=\"https:\/\/bandcamp.com\/EmbeddedPlayer\/album=275831671\/size=large\/bgcol=ffffff\/linkcol=0687f5\/tracklist=false\/artwork=small\/transparent=true\/\" seamless><a href=\"https:\/\/flop-house.bandcamp.com\/album\/maison-fore-t\">Maison\/Fore\u0302t de Ve\u0301hicule<\/a><\/iframe>\n\n\n\n<p><strong>Le Temps du Chien<\/strong> (Midira Records)<\/p>\n\n\n\n<iframe style=\"border: 0; width: 100%; height: 120px;\" src=\"https:\/\/bandcamp.com\/EmbeddedPlayer\/album=2522971653\/size=large\/bgcol=ffffff\/linkcol=0687f5\/tracklist=false\/artwork=small\/transparent=true\/\" seamless><a href=\"https:\/\/midirarecords.bandcamp.com\/album\/le-temps-du-chien\">Le temps du Chien de V\u00e9hicule<\/a><\/iframe>\n\n\n\n<p><\/p>\n\n\n\n<p><strong>PIANO BRUT<\/strong><\/p>\n\n\n\n<p>Autre nom, autre musique. Piano Brut est plus orient\u00e9 sound-art que V\u00e9hicule, plus abstract et plus concret, impros libres et contraintes, jeux dada\u00efstes, contemplations. <\/p>\n\n\n\n<p>3 albums \u00e0 ce jour. <\/p>\n\n\n\n<p><strong>SYNTH POEMS<\/strong> (Flophouse)<\/p>\n\n\n\n<iframe style=\"border: 0; width: 100%; height: 120px;\" src=\"https:\/\/bandcamp.com\/EmbeddedPlayer\/album=2887017439\/size=large\/bgcol=ffffff\/linkcol=0687f5\/tracklist=false\/artwork=small\/transparent=true\/\" seamless><a href=\"https:\/\/flop-house.bandcamp.com\/album\/synth-poems\">SYNTH POEMS de PIANO BRUT<\/a><\/iframe>\n\n\n\n<p><strong>RAGS <\/strong>(Noir\/Age)<\/p>\n\n\n\n<iframe style=\"border: 0; width: 100%; height: 120px;\" src=\"https:\/\/bandcamp.com\/EmbeddedPlayer\/album=2905997553\/size=large\/bgcol=ffffff\/linkcol=0687f5\/tracklist=false\/artwork=small\/transparent=true\/\" seamless><a href=\"https:\/\/noir-age.bandcamp.com\/album\/rags\">Rags de Piano Brut<\/a><\/iframe>\n\n\n\n<p><strong>Inside &amp; Outside <\/strong>(Grisaille)<\/p>\n\n\n\n<iframe style=\"border: 0; width: 100%; height: 120px;\" src=\"https:\/\/bandcamp.com\/EmbeddedPlayer\/album=2529859385\/size=large\/bgcol=ffffff\/linkcol=0687f5\/tracklist=false\/artwork=small\/transparent=true\/\" seamless><a href=\"https:\/\/grisaille.bandcamp.com\/album\/inside-outside\">Inside &amp; Outside de Piano Brut<\/a><\/iframe>\n","protected":false},"excerpt":{"rendered":"<p>V\u00e9hicule Sous ce nom, je r\u00e9alise une musique entre ambient libre et exp\u00e9rimentations \u00e9lectro-acoustiques. Des souvenirs m\u00e9lodiques et harmoniques \u00e9mergent d&rsquo;une for\u00eat de bruits. 5 albums \u00e0 ce jour, du dernier au premier. BORA BORA (Rohs Records) Bora Bora de V\u00e9hicule Aubusson (Sublime Retreat) Aubusson de V\u00e9hicule Grand Dentel\u00e9 (Rohs Records) Grand Dentel\u00e9 de V\u00e9hicule&hellip;<\/p>\n","protected":false},"author":1,"featured_media":0,"parent":0,"menu_order":0,"comment_status":"closed","ping_status":"closed","template":"","meta":{"om_disable_all_campaigns":false,"_monsterinsights_skip_tracking":false,"_monsterinsights_sitenote_active":false,"_monsterinsights_sitenote_note":"","_monsterinsights_sitenote_category":0,"footnotes":""},"class_list":["post-212","page","type-page","status-publish","hentry"],"aioseo_notices":[],"_links":{"self":[{"href":"https:\/\/sylvainmilliot.com\/index.php?rest_route=\/wp\/v2\/pages\/212","targetHints":{"allow":["GET"]}}],"collection":[{"href":"https:\/\/sylvainmilliot.com\/index.php?rest_route=\/wp\/v2\/pages"}],"about":[{"href":"https:\/\/sylvainmilliot.com\/index.php?rest_route=\/wp\/v2\/types\/page"}],"author":[{"embeddable":true,"href":"https:\/\/sylvainmilliot.com\/index.php?rest_route=\/wp\/v2\/users\/1"}],"replies":[{"embeddable":true,"href":"https:\/\/sylvainmilliot.com\/index.php?rest_route=%2Fwp%2Fv2%2Fcomments&post=212"}],"version-history":[{"count":6,"href":"https:\/\/sylvainmilliot.com\/index.php?rest_route=\/wp\/v2\/pages\/212\/revisions"}],"predecessor-version":[{"id":333,"href":"https:\/\/sylvainmilliot.com\/index.php?rest_route=\/wp\/v2\/pages\/212\/revisions\/333"}],"wp:attachment":[{"href":"https:\/\/sylvainmilliot.com\/index.php?rest_route=%2Fwp%2Fv2%2Fmedia&parent=212"}],"curies":[{"name":"wp","href":"https:\/\/api.w.org\/{rel}","templated":true}]}}