{"id":205,"date":"2024-04-15T13:36:35","date_gmt":"2024-04-15T11:36:35","guid":{"rendered":"https:\/\/sylvainmilliot.com\/?page_id=205"},"modified":"2024-04-19T17:52:41","modified_gmt":"2024-04-19T15:52:41","slug":"musiques-pour-limage-et-commandes","status":"publish","type":"page","link":"https:\/\/sylvainmilliot.com\/?page_id=205","title":{"rendered":"Musiques pour l&rsquo;image et commandes"},"content":{"rendered":"\n<ul class=\"wp-block-list\">\n<li><strong>Cr\u00e9ation de la bande musicale <\/strong>en collaboration avec Mathieu Bouvier et C\u00e9line Cartillier de leur film <em>There is still enough time before the end of the world to tell the end of the world<\/em>.<\/li>\n<\/ul>\n\n\n\n<figure class=\"wp-block-embed is-type-video is-provider-vimeo wp-block-embed-vimeo wp-embed-aspect-16-9 wp-has-aspect-ratio\"><div class=\"wp-block-embed__wrapper\">\n<iframe loading=\"lazy\" title=\"THERE IS STILL ENOUGH TIME BEFORE THE END OF THE WORLD TO TELL THE END OF THE WORLD\" src=\"https:\/\/player.vimeo.com\/video\/175955445?dnt=1&amp;app_id=122963\" width=\"1170\" height=\"658\" frameborder=\"0\" allow=\"autoplay; fullscreen; picture-in-picture; clipboard-write\"><\/iframe>\n<\/div><\/figure>\n\n\n\n<p><\/p>\n\n\n\n<p><\/p>\n\n\n\n<ul class=\"wp-block-list\">\n<li><strong>Commande de la Ville d&rsquo;Annecy<\/strong> de cr\u00e9ations de capsules sonores pour Annecy Tempo autour d&rsquo;archives visuelles de l&rsquo;histoire d&rsquo;Annecy : <strong>\u00e9criture des textes<\/strong> et <strong>composition des musiques<\/strong>. Diffusion en ligne durant le confinement via les r\u00e9seaux sociaux. <\/li>\n<\/ul>\n\n\n\n<p><strong>Exemple <\/strong><\/p>\n\n\n\n<figure class=\"wp-block-embed is-type-video is-provider-youtube wp-block-embed-youtube wp-embed-aspect-16-9 wp-has-aspect-ratio\"><div class=\"wp-block-embed__wrapper\">\n<iframe loading=\"lazy\" title=\"e\u0301lagueurs\" width=\"1170\" height=\"658\" src=\"https:\/\/www.youtube.com\/embed\/LXH14wEDF5I?feature=oembed\" frameborder=\"0\" allow=\"accelerometer; autoplay; clipboard-write; encrypted-media; gyroscope; picture-in-picture; web-share\" referrerpolicy=\"strict-origin-when-cross-origin\" allowfullscreen><\/iframe>\n<\/div><\/figure>\n\n\n\n<p><\/p>\n\n\n\n<p><\/p>\n\n\n\n<ul class=\"wp-block-list\">\n<li><strong>Acoustic Cameras <\/strong><\/li>\n<\/ul>\n\n\n\n<p>Pierre Belo\u00fcin, artiste fran\u00e7ais \u00e0 l&rsquo;origine d&rsquo;Optical Sound entre autres, g\u00e8re un site de webcams mondiales sur lesquelles des artistes sonores ou non composent une bande-son. J&rsquo;ai eu l&rsquo;honneur et le plaisir de composer ce morceau &#8211; <em>Minnesang<\/em> &#8211; sur cette webcam d&rsquo;Allemagne \u00e0 voir<a href=\"http:\/\/www.acousticcameras.org\/playlist\/sylvain-milliot-vehicule\/\" title=\" ici.\"> ici.<\/a> <\/p>\n\n\n\n<ul class=\"wp-block-list\">\n<li><strong>Cr\u00e9ations de l&rsquo;univers musical des vid\u00e9os promotionnelles du Centre National de la Danse de Pantin<\/strong>. <\/li>\n<\/ul>\n\n\n\n<pre class=\"wp-block-preformatted\">Extrait\n<\/pre>\n\n\n\n<figure class=\"wp-block-embed is-type-video is-provider-vimeo wp-block-embed-vimeo wp-embed-aspect-4-3 wp-has-aspect-ratio\"><div class=\"wp-block-embed__wrapper\">\n<iframe loading=\"lazy\" title=\"Clip CND Saison 2008&gt;2009\" src=\"https:\/\/player.vimeo.com\/video\/33151039?dnt=1&amp;app_id=122963\" width=\"640\" height=\"480\" frameborder=\"0\" allow=\"autoplay; fullscreen; picture-in-picture; clipboard-write\"><\/iframe>\n<\/div><\/figure>\n\n\n\n<ul class=\"wp-block-list\">\n<li><strong>Cr\u00e9ation de la bande son musicale<\/strong> de la cr\u00e9ation sc\u00e9nique de Myl\u00e8ne Beno\u00eet pour les 20 ans de la Cit\u00e9 des Sciences et de l&rsquo;Industrie (2006).<\/li>\n<\/ul>\n\n\n\n<pre class=\"wp-block-preformatted\">Morceaux r\u00e9alis\u00e9s \u00e0 partir d'interviews de scientifiques (Jean-Claude Ameisen, Pascal Picq, Marc Lachi\u00e8ze-Rey) men\u00e9es par Myl\u00e8ne Beno\u00eet. \n\nJean-Claude Ameisen :<\/pre>\n\n\n\n<figure class=\"wp-block-audio\"><audio controls src=\"https:\/\/sylvainmilliot.com\/wp-content\/uploads\/2024\/04\/csi-ameisen.mp3\"><\/audio><\/figure>\n","protected":false},"excerpt":{"rendered":"<p>Exemple Pierre Belo\u00fcin, artiste fran\u00e7ais \u00e0 l&rsquo;origine d&rsquo;Optical Sound entre autres, g\u00e8re un site de webcams mondiales sur lesquelles des artistes sonores ou non composent une bande-son. J&rsquo;ai eu l&rsquo;honneur et le plaisir de composer ce morceau &#8211; Minnesang &#8211; sur cette webcam d&rsquo;Allemagne \u00e0 voir ici. Extrait Morceaux r\u00e9alis\u00e9s \u00e0 partir d&rsquo;interviews de scientifiques&hellip;<\/p>\n","protected":false},"author":1,"featured_media":0,"parent":0,"menu_order":0,"comment_status":"closed","ping_status":"closed","template":"","meta":{"om_disable_all_campaigns":false,"_monsterinsights_skip_tracking":false,"_monsterinsights_sitenote_active":false,"_monsterinsights_sitenote_note":"","_monsterinsights_sitenote_category":0,"footnotes":""},"class_list":["post-205","page","type-page","status-publish","hentry"],"aioseo_notices":[],"_links":{"self":[{"href":"https:\/\/sylvainmilliot.com\/index.php?rest_route=\/wp\/v2\/pages\/205","targetHints":{"allow":["GET"]}}],"collection":[{"href":"https:\/\/sylvainmilliot.com\/index.php?rest_route=\/wp\/v2\/pages"}],"about":[{"href":"https:\/\/sylvainmilliot.com\/index.php?rest_route=\/wp\/v2\/types\/page"}],"author":[{"embeddable":true,"href":"https:\/\/sylvainmilliot.com\/index.php?rest_route=\/wp\/v2\/users\/1"}],"replies":[{"embeddable":true,"href":"https:\/\/sylvainmilliot.com\/index.php?rest_route=%2Fwp%2Fv2%2Fcomments&post=205"}],"version-history":[{"count":10,"href":"https:\/\/sylvainmilliot.com\/index.php?rest_route=\/wp\/v2\/pages\/205\/revisions"}],"predecessor-version":[{"id":320,"href":"https:\/\/sylvainmilliot.com\/index.php?rest_route=\/wp\/v2\/pages\/205\/revisions\/320"}],"wp:attachment":[{"href":"https:\/\/sylvainmilliot.com\/index.php?rest_route=%2Fwp%2Fv2%2Fmedia&parent=205"}],"curies":[{"name":"wp","href":"https:\/\/api.w.org\/{rel}","templated":true}]}}