{"id":2,"date":"2023-10-12T18:08:14","date_gmt":"2023-10-12T16:08:14","guid":{"rendered":"http:\/\/sylvainmilliot.com\/?page_id=2"},"modified":"2024-04-29T15:46:11","modified_gmt":"2024-04-29T13:46:11","slug":"page-d-exemple","status":"publish","type":"page","link":"https:\/\/sylvainmilliot.com\/","title":{"rendered":"Sylvain Milliot"},"content":{"rendered":"\n<figure class=\"wp-block-image size-full\"><img loading=\"lazy\" decoding=\"async\" width=\"1200\" height=\"269\" src=\"https:\/\/sylvainmilliot.com\/wp-content\/uploads\/2024\/04\/cropped-vehicule_SM.jpeg\" alt=\"\" class=\"wp-image-130\" srcset=\"https:\/\/sylvainmilliot.com\/wp-content\/uploads\/2024\/04\/cropped-vehicule_SM.jpeg 1200w, https:\/\/sylvainmilliot.com\/wp-content\/uploads\/2024\/04\/cropped-vehicule_SM-300x67.jpeg 300w, https:\/\/sylvainmilliot.com\/wp-content\/uploads\/2024\/04\/cropped-vehicule_SM-1024x230.jpeg 1024w, https:\/\/sylvainmilliot.com\/wp-content\/uploads\/2024\/04\/cropped-vehicule_SM-768x172.jpeg 768w\" sizes=\"auto, (max-width: 1200px) 100vw, 1200px\" \/><\/figure>\n\n\n\n<p><\/p>\n\n\n\n<p>Auteur, compositeur, musicien. <\/p>\n\n\n\n<p><\/p>\n\n\n\n<p>Travaille depuis 2007 r\u00e9guli\u00e8rement avec la compagnie Moteurs Multiples dont il \u00e9crit les <strong><a href=\"https:\/\/sylvainmilliot.com\/?page_id=176\" title=\"\">textes <\/a> <\/strong>et les <a href=\"https:\/\/sylvainmilliot.com\/?page_id=112\" title=\"\"><strong>musiques<\/strong><\/a> des spectacles produits par la compagnie. <\/p>\n\n\n\n<p>Compose aussi pour<a href=\"https:\/\/sylvainmilliot.com\/?page_id=205\" title=\" l'image. \"><strong> l&rsquo;image. <\/strong><\/a><\/p>\n\n\n\n<p>Et poursuit un travail <strong><a href=\"https:\/\/sylvainmilliot.com\/?page_id=212\" title=\"musical en solo\">musical en solo<\/a> <\/strong>sous les noms de V\u00e9hicule et Piano Brut. <\/p>\n\n\n\n<p>Ecrit des po\u00e8mes et des textes,<strong> <a href=\"https:\/\/sylvainmilliot.com\/?page_id=46\" title=\"publi\u00e9s dans plusieurs revues. \">publi\u00e9s dans plusieurs revues. <\/a><\/strong><\/p>\n\n\n\n<p><\/p>\n\n\n\n<p><\/p>\n","protected":false},"excerpt":{"rendered":"<p>Auteur, compositeur, musicien. Travaille depuis 2007 r\u00e9guli\u00e8rement avec la compagnie Moteurs Multiples dont il \u00e9crit les textes et les musiques des spectacles produits par la compagnie. Compose aussi pour l&rsquo;image. Et poursuit un travail musical en solo sous les noms de V\u00e9hicule et Piano Brut. Ecrit des po\u00e8mes et des textes, publi\u00e9s dans plusieurs revues.<\/p>\n","protected":false},"author":1,"featured_media":0,"parent":0,"menu_order":0,"comment_status":"closed","ping_status":"open","template":"","meta":{"om_disable_all_campaigns":false,"_monsterinsights_skip_tracking":false,"_monsterinsights_sitenote_active":false,"_monsterinsights_sitenote_note":"","_monsterinsights_sitenote_category":0,"footnotes":""},"class_list":["post-2","page","type-page","status-publish","hentry"],"aioseo_notices":[],"_links":{"self":[{"href":"https:\/\/sylvainmilliot.com\/index.php?rest_route=\/wp\/v2\/pages\/2","targetHints":{"allow":["GET"]}}],"collection":[{"href":"https:\/\/sylvainmilliot.com\/index.php?rest_route=\/wp\/v2\/pages"}],"about":[{"href":"https:\/\/sylvainmilliot.com\/index.php?rest_route=\/wp\/v2\/types\/page"}],"author":[{"embeddable":true,"href":"https:\/\/sylvainmilliot.com\/index.php?rest_route=\/wp\/v2\/users\/1"}],"replies":[{"embeddable":true,"href":"https:\/\/sylvainmilliot.com\/index.php?rest_route=%2Fwp%2Fv2%2Fcomments&post=2"}],"version-history":[{"count":11,"href":"https:\/\/sylvainmilliot.com\/index.php?rest_route=\/wp\/v2\/pages\/2\/revisions"}],"predecessor-version":[{"id":328,"href":"https:\/\/sylvainmilliot.com\/index.php?rest_route=\/wp\/v2\/pages\/2\/revisions\/328"}],"wp:attachment":[{"href":"https:\/\/sylvainmilliot.com\/index.php?rest_route=%2Fwp%2Fv2%2Fmedia&parent=2"}],"curies":[{"name":"wp","href":"https:\/\/api.w.org\/{rel}","templated":true}]}}