{"id":112,"date":"2024-04-15T09:55:05","date_gmt":"2024-04-15T07:55:05","guid":{"rendered":"https:\/\/sylvainmilliot.com\/?page_id=112"},"modified":"2024-04-16T09:26:09","modified_gmt":"2024-04-16T07:26:09","slug":"musiques-pour-le-spectacle-vivant-et-pieces-sonores","status":"publish","type":"page","link":"https:\/\/sylvainmilliot.com\/?page_id=112","title":{"rendered":"Musiques pour le spectacle vivant et pi\u00e8ces d&rsquo;\u00e9coute"},"content":{"rendered":"\n<p><strong>Avec la cie Moteurs Multiples<\/strong><\/p>\n\n\n\n<p>Composition et r\u00e9alisation de l&rsquo;univers musical des cr\u00e9ations de la compagnie. Pour les spectacles D\u00e9couenn\u00e9(e)(s), le cochon est un homme comme les autres, DAVOS, Le Veilleur, Cr\u00e9ature(s), MONDE, Vaudeville. Nombreuses cr\u00e9ations musicales dans le cadre d&rsquo;actions culturelles : trois spectacles sur la R\u00e9sistance et la D\u00e9portation avec le Conseil D\u00e9partemental de Haute-Savoie : <em>Enfance Barbel\u00e9e<\/em>, <em>Non !<\/em>, <em>Un bruissement d&rsquo;esp\u00e9rance.<\/em><\/p>\n\n\n\n<p><strong>Lectures musicales et concerts narratifs.<\/strong> <\/p>\n\n\n\n<p>Avec les Moteurs Multiples, nous cr\u00e9ons depuis les d\u00e9buts de la cie des pi\u00e8ces d&rsquo;\u00e9coute qui font intervenir la parole et la musique dans un dialogue permanent. Nous avons adapt\u00e9 de nombreux textes litt\u00e9raires et je les ai mis en musique. Parmi ces textes : La M\u00e9tamorphose, Fahrenheit 451, Psychose, Les Contes d&rsquo;Andersen. <\/p>\n\n\n\n<p><strong>Bande d\u00e9mo des cr\u00e9ations avec la cie Moteurs Multiples<\/strong><\/p>\n\n\n\n<figure class=\"wp-block-embed is-type-video is-provider-youtube wp-block-embed-youtube wp-embed-aspect-16-9 wp-has-aspect-ratio\"><div class=\"wp-block-embed__wrapper\">\n<iframe loading=\"lazy\" title=\"Pre\u0301sentation Cie Moteurs Multiples\" width=\"1170\" height=\"658\" src=\"https:\/\/www.youtube.com\/embed\/_Xz7A-sAxek?feature=oembed\" frameborder=\"0\" allow=\"accelerometer; autoplay; clipboard-write; encrypted-media; gyroscope; picture-in-picture; web-share\" referrerpolicy=\"strict-origin-when-cross-origin\" allowfullscreen><\/iframe>\n<\/div><\/figure>\n\n\n\n<p><strong>Quelques exemples de Pi\u00e8ces d&rsquo;\u00e9coute : <\/strong><\/p>\n\n\n\n<p>Dans la tradition du <em>h\u00f6rspiel<\/em>, j&rsquo;ai r\u00e9alis\u00e9 l&rsquo;univers sonore et musical avec les Moteurs Multiples de plusieurs pi\u00e8ces d&rsquo;\u00e9coute autour de l&rsquo;univers d&rsquo;un auteur. Parmi celles-ci, <strong>Radio Libre Dick<\/strong>, une travers\u00e9e fantasmagorique et hallucinatoire dans l&rsquo;\u0153uvre et la vie de Philip K. Dick et <strong>La Po\u00e9sie avec moi c&rsquo;est fini<\/strong>, autour de l&rsquo;\u0153uvre po\u00e9tique de Nicanor Parra. En collaboration avec Lise Ardaillon. <\/p>\n\n\n\n<iframe loading=\"lazy\" width=\"100%\" height=\"300\" scrolling=\"no\" frameborder=\"no\" allow=\"autoplay\" src=\"https:\/\/w.soundcloud.com\/player\/?url=https%3A\/\/api.soundcloud.com\/tracks\/145456109&#038;color=%23ff5500&#038;auto_play=false&#038;hide_related=false&#038;show_comments=true&#038;show_user=true&#038;show_reposts=false&#038;show_teaser=true&#038;visual=true\"><\/iframe><div style=\"font-size: 10px; color: #cccccc;line-break: anywhere;word-break: normal;overflow: hidden;white-space: nowrap;text-overflow: ellipsis; font-family: Interstate,Lucida Grande,Lucida Sans Unicode,Lucida Sans,Garuda,Verdana,Tahoma,sans-serif;font-weight: 100;\"><a href=\"https:\/\/soundcloud.com\/lesmoteursmultiples\" title=\"les moteurs multiples\" target=\"_blank\" style=\"color: #cccccc; text-decoration: none;\" rel=\"noopener\">les moteurs multiples<\/a> \u00b7 <a href=\"https:\/\/soundcloud.com\/lesmoteursmultiples\/radio-libre-dick\" title=\"Radio Libre Dick\" target=\"_blank\" style=\"color: #cccccc; text-decoration: none;\" rel=\"noopener\">Radio Libre Dick<\/a><\/div>\n\n\n\n<iframe loading=\"lazy\" width=\"100%\" height=\"300\" scrolling=\"no\" frameborder=\"no\" allow=\"autoplay\" src=\"https:\/\/w.soundcloud.com\/player\/?url=https%3A\/\/api.soundcloud.com\/tracks\/575978487&#038;color=%23ff5500&#038;auto_play=false&#038;hide_related=false&#038;show_comments=true&#038;show_user=true&#038;show_reposts=false&#038;show_teaser=true&#038;visual=true\"><\/iframe><div style=\"font-size: 10px; color: #cccccc;line-break: anywhere;word-break: normal;overflow: hidden;white-space: nowrap;text-overflow: ellipsis; font-family: Interstate,Lucida Grande,Lucida Sans Unicode,Lucida Sans,Garuda,Verdana,Tahoma,sans-serif;font-weight: 100;\"><a href=\"https:\/\/soundcloud.com\/lesmoteursmultiples\" title=\"les moteurs multiples\" target=\"_blank\" style=\"color: #cccccc; text-decoration: none;\" rel=\"noopener\">les moteurs multiples<\/a> \u00b7 <a href=\"https:\/\/soundcloud.com\/lesmoteursmultiples\/la-poesie-avec-moi-cest-fini-piece-decoute\" title=\"La po\u00e9sie avec moi c&#x27;est fini. Pi\u00e8ce d&#x27;\u00e9coute.\" target=\"_blank\" style=\"color: #cccccc; text-decoration: none;\" rel=\"noopener\">La po\u00e9sie avec moi c&#x27;est fini. Pi\u00e8ce d&#x27;\u00e9coute.<\/a><\/div>\n\n\n\n<p><\/p>\n\n\n\n<p class=\"has-superbfont-medium-font-size\"><\/p>\n","protected":false},"excerpt":{"rendered":"<p>Avec la cie Moteurs Multiples Composition et r\u00e9alisation de l&rsquo;univers musical des cr\u00e9ations de la compagnie. Pour les spectacles D\u00e9couenn\u00e9(e)(s), le cochon est un homme comme les autres, DAVOS, Le Veilleur, Cr\u00e9ature(s), MONDE, Vaudeville. Nombreuses cr\u00e9ations musicales dans le cadre d&rsquo;actions culturelles : trois spectacles sur la R\u00e9sistance et la D\u00e9portation avec le Conseil D\u00e9partemental&hellip;<\/p>\n","protected":false},"author":1,"featured_media":0,"parent":0,"menu_order":0,"comment_status":"closed","ping_status":"closed","template":"","meta":{"om_disable_all_campaigns":false,"_monsterinsights_skip_tracking":false,"_monsterinsights_sitenote_active":false,"_monsterinsights_sitenote_note":"","_monsterinsights_sitenote_category":0,"footnotes":""},"class_list":["post-112","page","type-page","status-publish","hentry"],"aioseo_notices":[],"_links":{"self":[{"href":"https:\/\/sylvainmilliot.com\/index.php?rest_route=\/wp\/v2\/pages\/112","targetHints":{"allow":["GET"]}}],"collection":[{"href":"https:\/\/sylvainmilliot.com\/index.php?rest_route=\/wp\/v2\/pages"}],"about":[{"href":"https:\/\/sylvainmilliot.com\/index.php?rest_route=\/wp\/v2\/types\/page"}],"author":[{"embeddable":true,"href":"https:\/\/sylvainmilliot.com\/index.php?rest_route=\/wp\/v2\/users\/1"}],"replies":[{"embeddable":true,"href":"https:\/\/sylvainmilliot.com\/index.php?rest_route=%2Fwp%2Fv2%2Fcomments&post=112"}],"version-history":[{"count":12,"href":"https:\/\/sylvainmilliot.com\/index.php?rest_route=\/wp\/v2\/pages\/112\/revisions"}],"predecessor-version":[{"id":268,"href":"https:\/\/sylvainmilliot.com\/index.php?rest_route=\/wp\/v2\/pages\/112\/revisions\/268"}],"wp:attachment":[{"href":"https:\/\/sylvainmilliot.com\/index.php?rest_route=%2Fwp%2Fv2%2Fmedia&parent=112"}],"curies":[{"name":"wp","href":"https:\/\/api.w.org\/{rel}","templated":true}]}}